{"id":3088,"date":"2024-02-19T11:07:52","date_gmt":"2024-02-19T16:07:52","guid":{"rendered":"https:\/\/moltenanalyzer.shany.ca\/case-studies\/sdi\/"},"modified":"2024-05-07T10:23:47","modified_gmt":"2024-05-07T14:23:47","slug":"sdi","status":"publish","type":"page","link":"https:\/\/moltenmetalanalyzer.tecnar.com\/fr\/case-studies\/sdi\/","title":{"rendered":"SDI"},"content":{"rendered":"","protected":false},"excerpt":{"rendered":"<p> [&#8230;]<\/p>\n<p><a class=\"btn btn-secondary understrap-read-more-link\" href=\"https:\/\/moltenmetalanalyzer.tecnar.com\/fr\/case-studies\/sdi\/\">Lire la suite&#8230;<\/a><\/p>\n","protected":false},"author":13,"featured_media":0,"parent":2876,"menu_order":0,"comment_status":"closed","ping_status":"closed","template":"page-templates\/tmp_flexible.php","meta":{"_acf_changed":false,"footnotes":""},"acf":[],"yoast_head":"<!-- This site is optimized with the Yoast SEO plugin v24.3 - https:\/\/yoast.com\/wordpress\/plugins\/seo\/ -->\n<title>Steel Dynamics - Exp\u00e9rience Client<\/title>\n<meta name=\"description\" content=\"Le Galvalibs 2,0 a r\u00e9volutionn\u00e9 notre approche du contr\u00f4le de la chimie du bain, en offrant une fiabilit\u00e9, une s\u00e9curit\u00e9 et une efficacit\u00e9 in\u00e9gal\u00e9es, tout en permettant de r\u00e9aliser d&#039;importantes \u00e9conomies \u00e0 long terme.\" \/>\n<meta name=\"robots\" content=\"index, follow, max-snippet:-1, max-image-preview:large, max-video-preview:-1\" \/>\n<link rel=\"canonical\" href=\"https:\/\/moltenmetalanalyzer.tecnar.com\/fr\/case-studies\/sdi\/\" \/>\n<meta property=\"og:locale\" content=\"fr_FR\" \/>\n<meta property=\"og:type\" content=\"article\" \/>\n<meta property=\"og:title\" content=\"Steel Dynamics - Exp\u00e9rience Client\" \/>\n<meta property=\"og:description\" content=\"Le Galvalibs 2,0 a r\u00e9volutionn\u00e9 notre approche du contr\u00f4le de la chimie du bain, en offrant une fiabilit\u00e9, une s\u00e9curit\u00e9 et une efficacit\u00e9 in\u00e9gal\u00e9es, tout en permettant de r\u00e9aliser d&#039;importantes \u00e9conomies \u00e0 long terme.\" \/>\n<meta property=\"og:url\" content=\"https:\/\/moltenmetalanalyzer.tecnar.com\/fr\/case-studies\/sdi\/\" \/>\n<meta property=\"og:site_name\" content=\"Tecnar - Molten Metal Analyzer\" \/>\n<meta property=\"article:modified_time\" content=\"2024-05-07T14:23:47+00:00\" \/>\n<meta property=\"og:image\" content=\"https:\/\/moltenanalyzer.shany.ca\/wp-content\/uploads\/2024\/04\/Galbalibs-SteelDynamics_2.jpg\" \/>\n\t<meta property=\"og:image:width\" content=\"800\" \/>\n\t<meta property=\"og:image:height\" content=\"500\" \/>\n\t<meta property=\"og:image:type\" content=\"image\/jpeg\" \/>\n<meta name=\"twitter:card\" content=\"summary_large_image\" \/>\n<script type=\"application\/ld+json\" class=\"yoast-schema-graph\">{\"@context\":\"https:\/\/schema.org\",\"@graph\":[{\"@type\":\"WebPage\",\"@id\":\"https:\/\/moltenmetalanalyzer.tecnar.com\/fr\/case-studies\/sdi\/\",\"url\":\"https:\/\/moltenmetalanalyzer.tecnar.com\/fr\/case-studies\/sdi\/\",\"name\":\"Steel Dynamics - Exp\u00e9rience Client\",\"isPartOf\":{\"@id\":\"https:\/\/moltenanalyzer.shany.ca\/#website\"},\"datePublished\":\"2024-02-19T16:07:52+00:00\",\"dateModified\":\"2024-05-07T14:23:47+00:00\",\"description\":\"Le Galvalibs 2,0 a r\u00e9volutionn\u00e9 notre approche du contr\u00f4le de la chimie du bain, en offrant une fiabilit\u00e9, une s\u00e9curit\u00e9 et une efficacit\u00e9 in\u00e9gal\u00e9es, tout en permettant de r\u00e9aliser d'importantes \u00e9conomies \u00e0 long terme.\",\"breadcrumb\":{\"@id\":\"https:\/\/moltenmetalanalyzer.tecnar.com\/fr\/case-studies\/sdi\/#breadcrumb\"},\"inLanguage\":\"fr-FR\",\"potentialAction\":[{\"@type\":\"ReadAction\",\"target\":[\"https:\/\/moltenmetalanalyzer.tecnar.com\/fr\/case-studies\/sdi\/\"]}]},{\"@type\":\"BreadcrumbList\",\"@id\":\"https:\/\/moltenmetalanalyzer.tecnar.com\/fr\/case-studies\/sdi\/#breadcrumb\",\"itemListElement\":[{\"@type\":\"ListItem\",\"position\":1,\"name\":\"Home\",\"item\":\"https:\/\/moltenmetalanalyzer.tecnar.com\/fr\/\"},{\"@type\":\"ListItem\",\"position\":2,\"name\":\"T\u00e9moignage\",\"item\":\"https:\/\/moltenanalyzer.shany.ca\/fr\/case-studies\/\"},{\"@type\":\"ListItem\",\"position\":3,\"name\":\"SDI\"}]},{\"@type\":\"WebSite\",\"@id\":\"https:\/\/moltenanalyzer.shany.ca\/#website\",\"url\":\"https:\/\/moltenanalyzer.shany.ca\/\",\"name\":\"Tecnar - Molten Metal Analyzer\",\"description\":\"Automating molten metal chemistry measurement\",\"publisher\":{\"@id\":\"https:\/\/moltenanalyzer.shany.ca\/#organization\"},\"potentialAction\":[{\"@type\":\"SearchAction\",\"target\":{\"@type\":\"EntryPoint\",\"urlTemplate\":\"https:\/\/moltenanalyzer.shany.ca\/?s={search_term_string}\"},\"query-input\":{\"@type\":\"PropertyValueSpecification\",\"valueRequired\":true,\"valueName\":\"search_term_string\"}}],\"inLanguage\":\"fr-FR\"},{\"@type\":\"Organization\",\"@id\":\"https:\/\/moltenanalyzer.shany.ca\/#organization\",\"name\":\"Tecnar - Molten Metal Analyzer\",\"url\":\"https:\/\/moltenanalyzer.shany.ca\/\",\"logo\":{\"@type\":\"ImageObject\",\"inLanguage\":\"fr-FR\",\"@id\":\"https:\/\/moltenanalyzer.shany.ca\/#\/schema\/logo\/image\/\",\"url\":\"https:\/\/moltenmetalanalyzer.tecnar.com\/wp-content\/uploads\/2023\/03\/cropped-Tecnar-MMA-Bold-1.png\",\"contentUrl\":\"https:\/\/moltenmetalanalyzer.tecnar.com\/wp-content\/uploads\/2023\/03\/cropped-Tecnar-MMA-Bold-1.png\",\"width\":480,\"height\":215,\"caption\":\"Tecnar - Molten Metal Analyzer\"},\"image\":{\"@id\":\"https:\/\/moltenanalyzer.shany.ca\/#\/schema\/logo\/image\/\"}}]}<\/script>\n<!-- \/ Yoast SEO plugin. -->","yoast_head_json":{"title":"Steel Dynamics - Exp\u00e9rience Client","description":"Le Galvalibs 2,0 a r\u00e9volutionn\u00e9 notre approche du contr\u00f4le de la chimie du bain, en offrant une fiabilit\u00e9, une s\u00e9curit\u00e9 et une efficacit\u00e9 in\u00e9gal\u00e9es, tout en permettant de r\u00e9aliser d'importantes \u00e9conomies \u00e0 long terme.","robots":{"index":"index","follow":"follow","max-snippet":"max-snippet:-1","max-image-preview":"max-image-preview:large","max-video-preview":"max-video-preview:-1"},"canonical":"https:\/\/moltenmetalanalyzer.tecnar.com\/fr\/case-studies\/sdi\/","og_locale":"fr_FR","og_type":"article","og_title":"Steel Dynamics - Exp\u00e9rience Client","og_description":"Le Galvalibs 2,0 a r\u00e9volutionn\u00e9 notre approche du contr\u00f4le de la chimie du bain, en offrant une fiabilit\u00e9, une s\u00e9curit\u00e9 et une efficacit\u00e9 in\u00e9gal\u00e9es, tout en permettant de r\u00e9aliser d'importantes \u00e9conomies \u00e0 long terme.","og_url":"https:\/\/moltenmetalanalyzer.tecnar.com\/fr\/case-studies\/sdi\/","og_site_name":"Tecnar - Molten Metal Analyzer","article_modified_time":"2024-05-07T14:23:47+00:00","og_image":[{"width":800,"height":500,"url":"https:\/\/moltenanalyzer.shany.ca\/wp-content\/uploads\/2024\/04\/Galbalibs-SteelDynamics_2.jpg","type":"image\/jpeg"}],"twitter_card":"summary_large_image","schema":{"@context":"https:\/\/schema.org","@graph":[{"@type":"WebPage","@id":"https:\/\/moltenmetalanalyzer.tecnar.com\/fr\/case-studies\/sdi\/","url":"https:\/\/moltenmetalanalyzer.tecnar.com\/fr\/case-studies\/sdi\/","name":"Steel Dynamics - Exp\u00e9rience Client","isPartOf":{"@id":"https:\/\/moltenanalyzer.shany.ca\/#website"},"datePublished":"2024-02-19T16:07:52+00:00","dateModified":"2024-05-07T14:23:47+00:00","description":"Le Galvalibs 2,0 a r\u00e9volutionn\u00e9 notre approche du contr\u00f4le de la chimie du bain, en offrant une fiabilit\u00e9, une s\u00e9curit\u00e9 et une efficacit\u00e9 in\u00e9gal\u00e9es, tout en permettant de r\u00e9aliser d'importantes \u00e9conomies \u00e0 long terme.","breadcrumb":{"@id":"https:\/\/moltenmetalanalyzer.tecnar.com\/fr\/case-studies\/sdi\/#breadcrumb"},"inLanguage":"fr-FR","potentialAction":[{"@type":"ReadAction","target":["https:\/\/moltenmetalanalyzer.tecnar.com\/fr\/case-studies\/sdi\/"]}]},{"@type":"BreadcrumbList","@id":"https:\/\/moltenmetalanalyzer.tecnar.com\/fr\/case-studies\/sdi\/#breadcrumb","itemListElement":[{"@type":"ListItem","position":1,"name":"Home","item":"https:\/\/moltenmetalanalyzer.tecnar.com\/fr\/"},{"@type":"ListItem","position":2,"name":"T\u00e9moignage","item":"https:\/\/moltenanalyzer.shany.ca\/fr\/case-studies\/"},{"@type":"ListItem","position":3,"name":"SDI"}]},{"@type":"WebSite","@id":"https:\/\/moltenanalyzer.shany.ca\/#website","url":"https:\/\/moltenanalyzer.shany.ca\/","name":"Tecnar - Molten Metal Analyzer","description":"Automating molten metal chemistry measurement","publisher":{"@id":"https:\/\/moltenanalyzer.shany.ca\/#organization"},"potentialAction":[{"@type":"SearchAction","target":{"@type":"EntryPoint","urlTemplate":"https:\/\/moltenanalyzer.shany.ca\/?s={search_term_string}"},"query-input":{"@type":"PropertyValueSpecification","valueRequired":true,"valueName":"search_term_string"}}],"inLanguage":"fr-FR"},{"@type":"Organization","@id":"https:\/\/moltenanalyzer.shany.ca\/#organization","name":"Tecnar - Molten Metal Analyzer","url":"https:\/\/moltenanalyzer.shany.ca\/","logo":{"@type":"ImageObject","inLanguage":"fr-FR","@id":"https:\/\/moltenanalyzer.shany.ca\/#\/schema\/logo\/image\/","url":"https:\/\/moltenmetalanalyzer.tecnar.com\/wp-content\/uploads\/2023\/03\/cropped-Tecnar-MMA-Bold-1.png","contentUrl":"https:\/\/moltenmetalanalyzer.tecnar.com\/wp-content\/uploads\/2023\/03\/cropped-Tecnar-MMA-Bold-1.png","width":480,"height":215,"caption":"Tecnar - Molten Metal Analyzer"},"image":{"@id":"https:\/\/moltenanalyzer.shany.ca\/#\/schema\/logo\/image\/"}}]}},"_links":{"self":[{"href":"https:\/\/moltenmetalanalyzer.tecnar.com\/fr\/wp-json\/wp\/v2\/pages\/3088"}],"collection":[{"href":"https:\/\/moltenmetalanalyzer.tecnar.com\/fr\/wp-json\/wp\/v2\/pages"}],"about":[{"href":"https:\/\/moltenmetalanalyzer.tecnar.com\/fr\/wp-json\/wp\/v2\/types\/page"}],"author":[{"embeddable":true,"href":"https:\/\/moltenmetalanalyzer.tecnar.com\/fr\/wp-json\/wp\/v2\/users\/13"}],"replies":[{"embeddable":true,"href":"https:\/\/moltenmetalanalyzer.tecnar.com\/fr\/wp-json\/wp\/v2\/comments?post=3088"}],"version-history":[{"count":3,"href":"https:\/\/moltenmetalanalyzer.tecnar.com\/fr\/wp-json\/wp\/v2\/pages\/3088\/revisions"}],"predecessor-version":[{"id":3093,"href":"https:\/\/moltenmetalanalyzer.tecnar.com\/fr\/wp-json\/wp\/v2\/pages\/3088\/revisions\/3093"}],"up":[{"embeddable":true,"href":"https:\/\/moltenmetalanalyzer.tecnar.com\/fr\/wp-json\/wp\/v2\/pages\/2876"}],"wp:attachment":[{"href":"https:\/\/moltenmetalanalyzer.tecnar.com\/fr\/wp-json\/wp\/v2\/media?parent=3088"}],"curies":[{"name":"wp","href":"https:\/\/api.w.org\/{rel}","templated":true}]}}