{"id":2882,"date":"2024-06-20T13:58:04","date_gmt":"2024-06-20T17:58:04","guid":{"rendered":"https:\/\/moltenanalyzer.shany.ca\/privacy-policy\/"},"modified":"2024-06-20T15:08:35","modified_gmt":"2024-06-20T19:08:35","slug":"politique-confidentialite","status":"publish","type":"page","link":"https:\/\/moltenmetalanalyzer.tecnar.com\/fr\/politique-confidentialite\/","title":{"rendered":"Politique de confidentialit\u00e9"},"content":{"rendered":"<header class=\"entry-header\">\n<h1 class=\"entry-title\"><b style=\"font-size: 16px;\">Politique relative aux cookies et autres traceurs<\/b><\/h1>\n<\/header>\n<p>La politique relative aux cookies et autres traceurs a \u00e9t\u00e9 mise \u00e0 jour le 20\/06\/2024..<\/p>\n<p><b>\u00a0<\/b>Tecnar attache une importance particuli\u00e8re au respect de la vie priv\u00e9e des utilisateurs de son site et au respect des dispositions l\u00e9gales en vigueur.<\/p>\n<p>Lors de la consultation de notre site www.moltenmetalanalyzer.tecnar.com<\/p>\n<p>des cookies ou autres traceurs (\u00ab cookies \u00bb) sont susceptibles d\u2019\u00eatre lus et\/ou enregistr\u00e9s sur votre terminal (ordinateur, mobile, tablette, etc.).<\/p>\n<p>Cette page vous permet de mieux comprendre comment fonctionnent les cookies et comment g\u00e9rer vos pr\u00e9f\u00e9rences.<\/p>\n<p><b>1 \u2013 Qu\u2019est-ce qu\u2019un \u00ab cookie \u00bb ?<\/b><\/p>\n<p>Un \u00ab cookie \u00bb est un fichier texte susceptible d\u2019\u00eatre enregistr\u00e9, sous r\u00e9serve de vos choix, dans un espace d\u00e9di\u00e9 du disque dur de votre terminal, \u00e0 l\u2019occasion de la consultation de notre site gr\u00e2ce \u00e0 votre logiciel de navigation. Un cookie permet \u00e0 son \u00e9metteur d\u2019identifier le terminal dans lequel il est enregistr\u00e9, pendant la dur\u00e9e de validit\u00e9 ou d\u2019enregistrement du cookie. Seul l\u2019\u00e9metteur d\u2019un cookie est susceptible de lire ou de modifier des informations qui y sont contenues.<\/p>\n<p><strong><b>2 \u2013 A quoi servent les cookies \u00e9mis sur<\/b> www.moltenmetalanalyzer.tecnar.com?<\/strong><\/p>\n<div id=\"page-wrapper\" class=\"wrapper\">\n<div id=\"content\" class=\"container\" tabindex=\"-1\">\n<div class=\"row\">\n<div id=\"primary\" class=\"col-md content-area\">\n<p>Lorsque vous vous connectez \u00e0 notre site, nous pouvons \u00eatre amen\u00e9s, sous r\u00e9serve de votre consentement pr\u00e9alable, \u00e0 installer divers cookies dans votre terminal nous permettant de reconna\u00eetre votre navigateur pendant la dur\u00e9e de validit\u00e9 du cookie concern\u00e9.<\/p>\n<article id=\"post-4320\" class=\"post-4320 page type-page status-publish hentry\">\n<div class=\"entry-content\">\n<p>Les cookies que nous \u00e9mettons sont utilis\u00e9s pour les besoins de la navigation, l\u2019optimisation et la personnalisation de nos services sur le site, en particulier \u00e0 des fins :<\/p>\n<ul>\n<li aria-level=\"1\">d\u2019authentification sur notre site, notamment pour vous permettre d\u2019acc\u00e9der \u00e0 des espaces r\u00e9serv\u00e9s et personnels tels que votre compte, gr\u00e2ce \u00e0 des identifiants ou des donn\u00e9es que vous nous avez \u00e9ventuellement ant\u00e9rieurement confi\u00e9s ;<\/li>\n<\/ul>\n<ul>\n<li aria-level=\"1\">de mise en \u0153uvre de mesures de s\u00e9curit\u00e9, par exemple lorsqu\u2019il vous est demand\u00e9 de vous connecter \u00e0 nouveau \u00e0 un contenu ou \u00e0 un service apr\u00e8s un certain laps de temps ;<\/li>\n<\/ul>\n<ul>\n<li aria-level=\"1\">d\u2019adaptation de la pr\u00e9sentation de notre site aux pr\u00e9f\u00e9rences d\u2019affichage de votre terminal (pays, langue utilis\u00e9e, r\u00e9solution d\u2019affichage, syst\u00e8me d\u2019exploitation utilis\u00e9, etc.) lors de vos visites, selon les mat\u00e9riels et les logiciels de visualisation ou de lecture que votre terminal comporte ;<\/li>\n<\/ul>\n<ul>\n<li aria-level=\"1\">de m\u00e9morisation des informations relatives \u00e0 une action que vous avez effectu\u00e9e (fermeture d\u2019une fen\u00eatre, etc.) ou un formulaire que vous avez rempli sur notre site (inscription ou acc\u00e8s \u00e0 votre compte, etc.) ou \u00e0 des produits, services ou informations que vous avez choisis sur notre site<\/li>\n<\/ul>\n<p>Les cookies \u00e9mis sur notre site par des tiers :<\/p>\n<p>L\u2019\u00e9mission et l\u2019utilisation de cookies par des tiers, sont soumises aux politiques de protection de la vie priv\u00e9e de ces tiers.<\/p>\n<p>Nous vous informons de l\u2019objet des cookies dont nous avons connaissance et des moyens dont vous disposez pour effectuer des choix \u00e0 l\u2019\u00e9gard de ces cookies.<\/p>\n<ul>\n<li aria-level=\"1\">Cookies de mesure d\u2019audience<\/li>\n<\/ul>\n<p>Notre site est susceptible de contenir des cookies \u00e9mis par des soci\u00e9t\u00e9s de mesure d\u2019audience. Pendant leur dur\u00e9e de validit\u00e9, ces cookies permettent d\u2019\u00e9tablir des statistiques et volumes de fr\u00e9quentation et d\u2019utilisation des divers \u00e9l\u00e9ments composant notre site (rubriques et contenus visit\u00e9s, parcours, etc.) et d\u2019am\u00e9liorer ainsi l\u2019int\u00e9r\u00eat et l\u2019ergonomie de nos services.<\/p>\n<p>Nous utilisons notamment les services de Google Analytics. Pour toute information sur la mani\u00e8re dont Google utilise les donn\u00e9es collect\u00e9es via ces cookies, vous pouvez prendre connaissance des r\u00e8gles de confidentialit\u00e9 et des conditions d\u2019utilisation de Google.<b><\/b><\/p>\n<ul>\n<li aria-level=\"1\">Cookies de publicit\u00e9<\/li>\n<\/ul>\n<p>Notre site est susceptible de contenir des cookies \u00e9mis par des fournisseurs de technologie publicitaire et permettant \u00e0 ces derniers, pendant la dur\u00e9e de validit\u00e9 de ces cookies :<\/p>\n<ul>\n<li aria-level=\"1\">de d\u00e9terminer les contenus publicitaires susceptibles de correspondre \u00e0 vos centres d\u2019int\u00e9r\u00eats sur la base de votre navigation, de vos centres d\u2019int\u00e9r\u00eats, de vos pr\u00e9f\u00e9rences, etc. ;<\/li>\n<\/ul>\n<ul>\n<li aria-level=\"1\">de contr\u00f4ler le nombre d\u2019apparitions des annonces publicitaires ;<\/li>\n<li aria-level=\"1\">d\u2019identifier le site Internet tiers \u00e0 l\u2019origine de votre redirection vers notre site Internet ;<\/li>\n<\/ul>\n<p>Nous travaillons principalement avec les fournisseurs de technologie publicitaire suivants : Google, Facebook &amp; AT2<\/p>\n<ul>\n<li aria-level=\"1\">Cookies \u00e9mis par des tiers du fait d\u2019applications tierces int\u00e9gr\u00e9es \u00e0 notre site<\/li>\n<\/ul>\n<p>Nous sommes susceptibles d\u2019inclure sur notre site, des applications informatiques \u00e9manant de tiers, qui vous permettent de partager des contenus de notre site avec d\u2019autres personnes ou de faire conna\u00eetre \u00e0 ces autres personnes votre consultation ou votre opinion concernant un contenu de notre site. Tel est notamment le cas des boutons \u00ab Partager \u00bb, \u00ab J\u2019aime \u00bb, issus de r\u00e9seaux sociaux tels que \u00ab Facebook \u00bb, \u00ab Twitter \u00bb, \u00ab Instagram \u00bb, \u00ab LinkedIn \u00bb, etc.<\/p>\n<p>Le r\u00e9seau social fournissant un tel bouton applicatif est susceptible de vous identifier gr\u00e2ce \u00e0 ce bouton, m\u00eame si vous n\u2019avez pas utilis\u00e9s ce bouton lors de votre consultation de notre site. En effet, ce type de bouton applicatif peut permettre au r\u00e9seau social concern\u00e9 de suivre votre navigation sur notre site, du seul fait que votre compte au r\u00e9seau social concern\u00e9 \u00e9tait activ\u00e9 sur votre terminal (session ouverte) durant votre navigation sur notre site.<\/p>\n<p>Nous n\u2019avons aucun contr\u00f4le sur le processus employ\u00e9 par ces tiers pour collecter des informations relatives \u00e0 votre navigation sur notre site et associ\u00e9es aux donn\u00e9es personnelles dont ils disposent. Nous vous invitons \u00e0 consulter les politiques de protection de la vie priv\u00e9e de ces r\u00e9seaux sociaux afin de prendre connaissance des finalit\u00e9s d\u2019utilisation, notamment publicitaires, des informations de navigation qu\u2019ils peuvent recueillir gr\u00e2ce \u00e0 ces boutons applicatifs. Ces politiques de protection doivent notamment vous permettre d\u2019exercer vos choix aupr\u00e8s de ces r\u00e9seaux sociaux, notamment en param\u00e9trant vos comptes d\u2019utilisation de chacun de ces r\u00e9seaux.<\/p>\n<p><b>3 \u2013 Plus d\u2019informations sur les cookies<\/b><\/p>\n<p>Pour plus d\u2019information sur les cookies et leur utilisation, vous pouvez consulter le site de la Commission Nationale de l\u2019Informatique et des Libert\u00e9s (CNIL) \u00e0 l\u2019adresse suivante : www.cnil.fr<\/p>\n<\/div>\n<\/article>\n<p>&nbsp;<\/p>\n<\/div>\n<\/div>\n<\/div>\n<\/div>\n","protected":false},"excerpt":{"rendered":"<p>Politique relative aux cookies et autres traceurs La politique relative aux cookies et autres traceurs a \u00e9t\u00e9 mise \u00e0 jour [&#8230;]<\/p>\n<p><a class=\"btn btn-secondary understrap-read-more-link\" href=\"https:\/\/moltenmetalanalyzer.tecnar.com\/fr\/politique-confidentialite\/\">Lire la suite&#8230;<\/a><\/p>\n","protected":false},"author":1,"featured_media":0,"parent":0,"menu_order":0,"comment_status":"closed","ping_status":"open","template":"","meta":{"_acf_changed":false,"footnotes":""},"acf":[],"yoast_head":"<!-- This site is optimized with the Yoast SEO plugin v24.3 - https:\/\/yoast.com\/wordpress\/plugins\/seo\/ -->\n<title>Privacy Policy | Galvalibs<\/title>\n<meta name=\"description\" content=\"We place great importance on the protection of user\u2019s privacy and our obligations in accordance with the legal provisions in force. Learn more about our privacy policy here.\" \/>\n<meta name=\"robots\" content=\"index, follow, max-snippet:-1, max-image-preview:large, max-video-preview:-1\" \/>\n<link rel=\"canonical\" href=\"https:\/\/moltenmetalanalyzer.tecnar.com\/fr\/politique-confidentialite\/\" \/>\n<meta property=\"og:locale\" content=\"fr_FR\" \/>\n<meta property=\"og:type\" content=\"article\" \/>\n<meta property=\"og:title\" content=\"Privacy Policy | Galvalibs\" \/>\n<meta property=\"og:description\" content=\"We place great importance on the protection of user\u2019s privacy and our obligations in accordance with the legal provisions in force. Learn more about our privacy policy here.\" \/>\n<meta property=\"og:url\" content=\"https:\/\/moltenmetalanalyzer.tecnar.com\/fr\/politique-confidentialite\/\" \/>\n<meta property=\"og:site_name\" content=\"Tecnar - Molten Metal Analyzer\" \/>\n<meta property=\"article:modified_time\" content=\"2024-06-20T19:08:35+00:00\" \/>\n<meta name=\"twitter:card\" content=\"summary_large_image\" \/>\n<meta name=\"twitter:label1\" content=\"Est. reading time\" \/>\n\t<meta name=\"twitter:data1\" content=\"5 minutes\" \/>\n<script type=\"application\/ld+json\" class=\"yoast-schema-graph\">{\"@context\":\"https:\/\/schema.org\",\"@graph\":[{\"@type\":\"WebPage\",\"@id\":\"https:\/\/moltenmetalanalyzer.tecnar.com\/fr\/politique-confidentialite\/\",\"url\":\"https:\/\/moltenmetalanalyzer.tecnar.com\/fr\/politique-confidentialite\/\",\"name\":\"Privacy Policy | Galvalibs\",\"isPartOf\":{\"@id\":\"https:\/\/moltenanalyzer.shany.ca\/#website\"},\"datePublished\":\"2024-06-20T17:58:04+00:00\",\"dateModified\":\"2024-06-20T19:08:35+00:00\",\"description\":\"We place great importance on the protection of user\u2019s privacy and our obligations in accordance with the legal provisions in force. Learn more about our privacy policy here.\",\"breadcrumb\":{\"@id\":\"https:\/\/moltenmetalanalyzer.tecnar.com\/fr\/politique-confidentialite\/#breadcrumb\"},\"inLanguage\":\"fr-FR\",\"potentialAction\":[{\"@type\":\"ReadAction\",\"target\":[\"https:\/\/moltenmetalanalyzer.tecnar.com\/fr\/politique-confidentialite\/\"]}]},{\"@type\":\"BreadcrumbList\",\"@id\":\"https:\/\/moltenmetalanalyzer.tecnar.com\/fr\/politique-confidentialite\/#breadcrumb\",\"itemListElement\":[{\"@type\":\"ListItem\",\"position\":1,\"name\":\"Home\",\"item\":\"https:\/\/moltenmetalanalyzer.tecnar.com\/fr\/\"},{\"@type\":\"ListItem\",\"position\":2,\"name\":\"Politique de confidentialit\u00e9\"}]},{\"@type\":\"WebSite\",\"@id\":\"https:\/\/moltenanalyzer.shany.ca\/#website\",\"url\":\"https:\/\/moltenanalyzer.shany.ca\/\",\"name\":\"Tecnar - Molten Metal Analyzer\",\"description\":\"Automating molten metal chemistry measurement\",\"publisher\":{\"@id\":\"https:\/\/moltenanalyzer.shany.ca\/#organization\"},\"potentialAction\":[{\"@type\":\"SearchAction\",\"target\":{\"@type\":\"EntryPoint\",\"urlTemplate\":\"https:\/\/moltenanalyzer.shany.ca\/?s={search_term_string}\"},\"query-input\":{\"@type\":\"PropertyValueSpecification\",\"valueRequired\":true,\"valueName\":\"search_term_string\"}}],\"inLanguage\":\"fr-FR\"},{\"@type\":\"Organization\",\"@id\":\"https:\/\/moltenanalyzer.shany.ca\/#organization\",\"name\":\"Tecnar - Molten Metal Analyzer\",\"url\":\"https:\/\/moltenanalyzer.shany.ca\/\",\"logo\":{\"@type\":\"ImageObject\",\"inLanguage\":\"fr-FR\",\"@id\":\"https:\/\/moltenanalyzer.shany.ca\/#\/schema\/logo\/image\/\",\"url\":\"https:\/\/moltenmetalanalyzer.tecnar.com\/wp-content\/uploads\/2023\/03\/cropped-Tecnar-MMA-Bold-1.png\",\"contentUrl\":\"https:\/\/moltenmetalanalyzer.tecnar.com\/wp-content\/uploads\/2023\/03\/cropped-Tecnar-MMA-Bold-1.png\",\"width\":480,\"height\":215,\"caption\":\"Tecnar - Molten Metal Analyzer\"},\"image\":{\"@id\":\"https:\/\/moltenanalyzer.shany.ca\/#\/schema\/logo\/image\/\"}}]}<\/script>\n<!-- \/ Yoast SEO plugin. -->","yoast_head_json":{"title":"Privacy Policy | Galvalibs","description":"We place great importance on the protection of user\u2019s privacy and our obligations in accordance with the legal provisions in force. Learn more about our privacy policy here.","robots":{"index":"index","follow":"follow","max-snippet":"max-snippet:-1","max-image-preview":"max-image-preview:large","max-video-preview":"max-video-preview:-1"},"canonical":"https:\/\/moltenmetalanalyzer.tecnar.com\/fr\/politique-confidentialite\/","og_locale":"fr_FR","og_type":"article","og_title":"Privacy Policy | Galvalibs","og_description":"We place great importance on the protection of user\u2019s privacy and our obligations in accordance with the legal provisions in force. Learn more about our privacy policy here.","og_url":"https:\/\/moltenmetalanalyzer.tecnar.com\/fr\/politique-confidentialite\/","og_site_name":"Tecnar - Molten Metal Analyzer","article_modified_time":"2024-06-20T19:08:35+00:00","twitter_card":"summary_large_image","twitter_misc":{"Est. reading time":"5 minutes"},"schema":{"@context":"https:\/\/schema.org","@graph":[{"@type":"WebPage","@id":"https:\/\/moltenmetalanalyzer.tecnar.com\/fr\/politique-confidentialite\/","url":"https:\/\/moltenmetalanalyzer.tecnar.com\/fr\/politique-confidentialite\/","name":"Privacy Policy | Galvalibs","isPartOf":{"@id":"https:\/\/moltenanalyzer.shany.ca\/#website"},"datePublished":"2024-06-20T17:58:04+00:00","dateModified":"2024-06-20T19:08:35+00:00","description":"We place great importance on the protection of user\u2019s privacy and our obligations in accordance with the legal provisions in force. Learn more about our privacy policy here.","breadcrumb":{"@id":"https:\/\/moltenmetalanalyzer.tecnar.com\/fr\/politique-confidentialite\/#breadcrumb"},"inLanguage":"fr-FR","potentialAction":[{"@type":"ReadAction","target":["https:\/\/moltenmetalanalyzer.tecnar.com\/fr\/politique-confidentialite\/"]}]},{"@type":"BreadcrumbList","@id":"https:\/\/moltenmetalanalyzer.tecnar.com\/fr\/politique-confidentialite\/#breadcrumb","itemListElement":[{"@type":"ListItem","position":1,"name":"Home","item":"https:\/\/moltenmetalanalyzer.tecnar.com\/fr\/"},{"@type":"ListItem","position":2,"name":"Politique de confidentialit\u00e9"}]},{"@type":"WebSite","@id":"https:\/\/moltenanalyzer.shany.ca\/#website","url":"https:\/\/moltenanalyzer.shany.ca\/","name":"Tecnar - Molten Metal Analyzer","description":"Automating molten metal chemistry measurement","publisher":{"@id":"https:\/\/moltenanalyzer.shany.ca\/#organization"},"potentialAction":[{"@type":"SearchAction","target":{"@type":"EntryPoint","urlTemplate":"https:\/\/moltenanalyzer.shany.ca\/?s={search_term_string}"},"query-input":{"@type":"PropertyValueSpecification","valueRequired":true,"valueName":"search_term_string"}}],"inLanguage":"fr-FR"},{"@type":"Organization","@id":"https:\/\/moltenanalyzer.shany.ca\/#organization","name":"Tecnar - Molten Metal Analyzer","url":"https:\/\/moltenanalyzer.shany.ca\/","logo":{"@type":"ImageObject","inLanguage":"fr-FR","@id":"https:\/\/moltenanalyzer.shany.ca\/#\/schema\/logo\/image\/","url":"https:\/\/moltenmetalanalyzer.tecnar.com\/wp-content\/uploads\/2023\/03\/cropped-Tecnar-MMA-Bold-1.png","contentUrl":"https:\/\/moltenmetalanalyzer.tecnar.com\/wp-content\/uploads\/2023\/03\/cropped-Tecnar-MMA-Bold-1.png","width":480,"height":215,"caption":"Tecnar - Molten Metal Analyzer"},"image":{"@id":"https:\/\/moltenanalyzer.shany.ca\/#\/schema\/logo\/image\/"}}]}},"_links":{"self":[{"href":"https:\/\/moltenmetalanalyzer.tecnar.com\/fr\/wp-json\/wp\/v2\/pages\/2882"}],"collection":[{"href":"https:\/\/moltenmetalanalyzer.tecnar.com\/fr\/wp-json\/wp\/v2\/pages"}],"about":[{"href":"https:\/\/moltenmetalanalyzer.tecnar.com\/fr\/wp-json\/wp\/v2\/types\/page"}],"author":[{"embeddable":true,"href":"https:\/\/moltenmetalanalyzer.tecnar.com\/fr\/wp-json\/wp\/v2\/users\/1"}],"replies":[{"embeddable":true,"href":"https:\/\/moltenmetalanalyzer.tecnar.com\/fr\/wp-json\/wp\/v2\/comments?post=2882"}],"version-history":[{"count":7,"href":"https:\/\/moltenmetalanalyzer.tecnar.com\/fr\/wp-json\/wp\/v2\/pages\/2882\/revisions"}],"predecessor-version":[{"id":3211,"href":"https:\/\/moltenmetalanalyzer.tecnar.com\/fr\/wp-json\/wp\/v2\/pages\/2882\/revisions\/3211"}],"wp:attachment":[{"href":"https:\/\/moltenmetalanalyzer.tecnar.com\/fr\/wp-json\/wp\/v2\/media?parent=2882"}],"curies":[{"name":"wp","href":"https:\/\/api.w.org\/{rel}","templated":true}]}}