{"id":2839,"date":"2023-01-17T16:30:17","date_gmt":"2023-01-17T21:30:17","guid":{"rendered":"https:\/\/moltenanalyzer.shany.ca\/aluminum\/chemistry-monitoring\/"},"modified":"2023-10-18T16:10:29","modified_gmt":"2023-10-18T20:10:29","slug":"alulibs-chimie","status":"publish","type":"page","link":"https:\/\/moltenmetalanalyzer.tecnar.com\/fr\/aluminum\/alulibs-chimie\/","title":{"rendered":"Alulibs-chimie"},"content":{"rendered":"","protected":false},"excerpt":{"rendered":"<p> [&#8230;]<\/p>\n<p><a class=\"btn btn-secondary understrap-read-more-link\" href=\"https:\/\/moltenmetalanalyzer.tecnar.com\/fr\/aluminum\/alulibs-chimie\/\">Lire la suite&#8230;<\/a><\/p>\n","protected":false},"author":2,"featured_media":0,"parent":2782,"menu_order":0,"comment_status":"closed","ping_status":"closed","template":"page-templates\/tmp_flexible.php","meta":{"_acf_changed":false,"footnotes":""},"acf":[],"yoast_head":"<!-- This site is optimized with the Yoast SEO plugin v24.3 - https:\/\/yoast.com\/wordpress\/plugins\/seo\/ -->\n<title>Contr\u00f4le en temps r\u00e9el de la composition de l&#039;aluminium en fusion<\/title>\n<meta name=\"description\" content=\"Augmentez l&#039;efficacit\u00e9 de votre processus d&#039;alliage d&#039;aluminium gr\u00e2ce \u00e0 la surveillance en direct de la chimie. En savoir plus sur l&#039;Alulibs.\" \/>\n<meta name=\"robots\" content=\"index, follow, max-snippet:-1, max-image-preview:large, max-video-preview:-1\" \/>\n<link rel=\"canonical\" href=\"https:\/\/moltenmetalanalyzer.tecnar.com\/fr\/aluminum\/alulibs-chimie\/\" \/>\n<meta property=\"og:locale\" content=\"fr_FR\" \/>\n<meta property=\"og:type\" content=\"article\" \/>\n<meta property=\"og:title\" content=\"Real-time monitoring of the molten aluminum composition | Alulibs\" \/>\n<meta property=\"og:description\" content=\"Increase the efficiency of your aluminum alloying process with live chemistry monitoring. Learn more about the Alulibs by Tecnar.\" \/>\n<meta property=\"og:url\" content=\"https:\/\/moltenmetalanalyzer.tecnar.com\/fr\/aluminum\/alulibs-chimie\/\" \/>\n<meta property=\"og:site_name\" content=\"Tecnar - Molten Metal Analyzer\" \/>\n<meta property=\"article:modified_time\" content=\"2023-10-18T20:10:29+00:00\" \/>\n<meta property=\"og:image\" content=\"https:\/\/moltenanalyzer.shany.ca\/wp-content\/uploads\/2023\/02\/Alulibs_data_Hero3.jpg\" \/>\n\t<meta property=\"og:image:width\" content=\"1200\" \/>\n\t<meta property=\"og:image:height\" content=\"627\" \/>\n\t<meta property=\"og:image:type\" content=\"image\/jpeg\" \/>\n<meta name=\"twitter:card\" content=\"summary_large_image\" \/>\n<meta name=\"twitter:title\" content=\"Real-time monitoring of the molten aluminum composition | Alulibs\" \/>\n<meta name=\"twitter:description\" content=\"Increase the efficiency of your aluminum alloying process with live chemistry monitoring. Learn more about the Alulibs by Tecnar.\" \/>\n<meta name=\"twitter:image\" content=\"https:\/\/moltenmetalanalyzer.tecnar.com\/wp-content\/uploads\/2023\/02\/Alulibs_data_Hero3.jpg\" \/>\n<script type=\"application\/ld+json\" class=\"yoast-schema-graph\">{\"@context\":\"https:\/\/schema.org\",\"@graph\":[{\"@type\":\"WebPage\",\"@id\":\"https:\/\/moltenmetalanalyzer.tecnar.com\/fr\/aluminum\/alulibs-chimie\/\",\"url\":\"https:\/\/moltenmetalanalyzer.tecnar.com\/fr\/aluminum\/alulibs-chimie\/\",\"name\":\"Contr\u00f4le en temps r\u00e9el de la composition de l'aluminium en fusion\",\"isPartOf\":{\"@id\":\"https:\/\/moltenanalyzer.shany.ca\/#website\"},\"datePublished\":\"2023-01-17T21:30:17+00:00\",\"dateModified\":\"2023-10-18T20:10:29+00:00\",\"description\":\"Augmentez l'efficacit\u00e9 de votre processus d'alliage d'aluminium gr\u00e2ce \u00e0 la surveillance en direct de la chimie. En savoir plus sur l'Alulibs.\",\"breadcrumb\":{\"@id\":\"https:\/\/moltenmetalanalyzer.tecnar.com\/fr\/aluminum\/alulibs-chimie\/#breadcrumb\"},\"inLanguage\":\"fr-FR\",\"potentialAction\":[{\"@type\":\"ReadAction\",\"target\":[\"https:\/\/moltenmetalanalyzer.tecnar.com\/fr\/aluminum\/alulibs-chimie\/\"]}]},{\"@type\":\"BreadcrumbList\",\"@id\":\"https:\/\/moltenmetalanalyzer.tecnar.com\/fr\/aluminum\/alulibs-chimie\/#breadcrumb\",\"itemListElement\":[{\"@type\":\"ListItem\",\"position\":1,\"name\":\"Home\",\"item\":\"https:\/\/moltenmetalanalyzer.tecnar.com\/fr\/\"},{\"@type\":\"ListItem\",\"position\":2,\"name\":\"Aluminum\",\"item\":\"https:\/\/moltenanalyzer.shany.ca\/aluminum\/\"},{\"@type\":\"ListItem\",\"position\":3,\"name\":\"Alulibs-chimie\"}]},{\"@type\":\"WebSite\",\"@id\":\"https:\/\/moltenanalyzer.shany.ca\/#website\",\"url\":\"https:\/\/moltenanalyzer.shany.ca\/\",\"name\":\"Tecnar - Molten Metal Analyzer\",\"description\":\"Automating molten metal chemistry measurement\",\"publisher\":{\"@id\":\"https:\/\/moltenanalyzer.shany.ca\/#organization\"},\"potentialAction\":[{\"@type\":\"SearchAction\",\"target\":{\"@type\":\"EntryPoint\",\"urlTemplate\":\"https:\/\/moltenanalyzer.shany.ca\/?s={search_term_string}\"},\"query-input\":{\"@type\":\"PropertyValueSpecification\",\"valueRequired\":true,\"valueName\":\"search_term_string\"}}],\"inLanguage\":\"fr-FR\"},{\"@type\":\"Organization\",\"@id\":\"https:\/\/moltenanalyzer.shany.ca\/#organization\",\"name\":\"Tecnar - Molten Metal Analyzer\",\"url\":\"https:\/\/moltenanalyzer.shany.ca\/\",\"logo\":{\"@type\":\"ImageObject\",\"inLanguage\":\"fr-FR\",\"@id\":\"https:\/\/moltenanalyzer.shany.ca\/#\/schema\/logo\/image\/\",\"url\":\"https:\/\/moltenmetalanalyzer.tecnar.com\/wp-content\/uploads\/2023\/03\/cropped-Tecnar-MMA-Bold-1.png\",\"contentUrl\":\"https:\/\/moltenmetalanalyzer.tecnar.com\/wp-content\/uploads\/2023\/03\/cropped-Tecnar-MMA-Bold-1.png\",\"width\":480,\"height\":215,\"caption\":\"Tecnar - Molten Metal Analyzer\"},\"image\":{\"@id\":\"https:\/\/moltenanalyzer.shany.ca\/#\/schema\/logo\/image\/\"}}]}<\/script>\n<!-- \/ Yoast SEO plugin. -->","yoast_head_json":{"title":"Contr\u00f4le en temps r\u00e9el de la composition de l'aluminium en fusion","description":"Augmentez l'efficacit\u00e9 de votre processus d'alliage d'aluminium gr\u00e2ce \u00e0 la surveillance en direct de la chimie. En savoir plus sur l'Alulibs.","robots":{"index":"index","follow":"follow","max-snippet":"max-snippet:-1","max-image-preview":"max-image-preview:large","max-video-preview":"max-video-preview:-1"},"canonical":"https:\/\/moltenmetalanalyzer.tecnar.com\/fr\/aluminum\/alulibs-chimie\/","og_locale":"fr_FR","og_type":"article","og_title":"Real-time monitoring of the molten aluminum composition | Alulibs","og_description":"Increase the efficiency of your aluminum alloying process with live chemistry monitoring. Learn more about the Alulibs by Tecnar.","og_url":"https:\/\/moltenmetalanalyzer.tecnar.com\/fr\/aluminum\/alulibs-chimie\/","og_site_name":"Tecnar - Molten Metal Analyzer","article_modified_time":"2023-10-18T20:10:29+00:00","og_image":[{"width":1200,"height":627,"url":"https:\/\/moltenanalyzer.shany.ca\/wp-content\/uploads\/2023\/02\/Alulibs_data_Hero3.jpg","type":"image\/jpeg"}],"twitter_card":"summary_large_image","twitter_title":"Real-time monitoring of the molten aluminum composition | Alulibs","twitter_description":"Increase the efficiency of your aluminum alloying process with live chemistry monitoring. Learn more about the Alulibs by Tecnar.","twitter_image":"https:\/\/moltenmetalanalyzer.tecnar.com\/wp-content\/uploads\/2023\/02\/Alulibs_data_Hero3.jpg","schema":{"@context":"https:\/\/schema.org","@graph":[{"@type":"WebPage","@id":"https:\/\/moltenmetalanalyzer.tecnar.com\/fr\/aluminum\/alulibs-chimie\/","url":"https:\/\/moltenmetalanalyzer.tecnar.com\/fr\/aluminum\/alulibs-chimie\/","name":"Contr\u00f4le en temps r\u00e9el de la composition de l'aluminium en fusion","isPartOf":{"@id":"https:\/\/moltenanalyzer.shany.ca\/#website"},"datePublished":"2023-01-17T21:30:17+00:00","dateModified":"2023-10-18T20:10:29+00:00","description":"Augmentez l'efficacit\u00e9 de votre processus d'alliage d'aluminium gr\u00e2ce \u00e0 la surveillance en direct de la chimie. En savoir plus sur l'Alulibs.","breadcrumb":{"@id":"https:\/\/moltenmetalanalyzer.tecnar.com\/fr\/aluminum\/alulibs-chimie\/#breadcrumb"},"inLanguage":"fr-FR","potentialAction":[{"@type":"ReadAction","target":["https:\/\/moltenmetalanalyzer.tecnar.com\/fr\/aluminum\/alulibs-chimie\/"]}]},{"@type":"BreadcrumbList","@id":"https:\/\/moltenmetalanalyzer.tecnar.com\/fr\/aluminum\/alulibs-chimie\/#breadcrumb","itemListElement":[{"@type":"ListItem","position":1,"name":"Home","item":"https:\/\/moltenmetalanalyzer.tecnar.com\/fr\/"},{"@type":"ListItem","position":2,"name":"Aluminum","item":"https:\/\/moltenanalyzer.shany.ca\/aluminum\/"},{"@type":"ListItem","position":3,"name":"Alulibs-chimie"}]},{"@type":"WebSite","@id":"https:\/\/moltenanalyzer.shany.ca\/#website","url":"https:\/\/moltenanalyzer.shany.ca\/","name":"Tecnar - Molten Metal Analyzer","description":"Automating molten metal chemistry measurement","publisher":{"@id":"https:\/\/moltenanalyzer.shany.ca\/#organization"},"potentialAction":[{"@type":"SearchAction","target":{"@type":"EntryPoint","urlTemplate":"https:\/\/moltenanalyzer.shany.ca\/?s={search_term_string}"},"query-input":{"@type":"PropertyValueSpecification","valueRequired":true,"valueName":"search_term_string"}}],"inLanguage":"fr-FR"},{"@type":"Organization","@id":"https:\/\/moltenanalyzer.shany.ca\/#organization","name":"Tecnar - Molten Metal Analyzer","url":"https:\/\/moltenanalyzer.shany.ca\/","logo":{"@type":"ImageObject","inLanguage":"fr-FR","@id":"https:\/\/moltenanalyzer.shany.ca\/#\/schema\/logo\/image\/","url":"https:\/\/moltenmetalanalyzer.tecnar.com\/wp-content\/uploads\/2023\/03\/cropped-Tecnar-MMA-Bold-1.png","contentUrl":"https:\/\/moltenmetalanalyzer.tecnar.com\/wp-content\/uploads\/2023\/03\/cropped-Tecnar-MMA-Bold-1.png","width":480,"height":215,"caption":"Tecnar - Molten Metal Analyzer"},"image":{"@id":"https:\/\/moltenanalyzer.shany.ca\/#\/schema\/logo\/image\/"}}]}},"_links":{"self":[{"href":"https:\/\/moltenmetalanalyzer.tecnar.com\/fr\/wp-json\/wp\/v2\/pages\/2839"}],"collection":[{"href":"https:\/\/moltenmetalanalyzer.tecnar.com\/fr\/wp-json\/wp\/v2\/pages"}],"about":[{"href":"https:\/\/moltenmetalanalyzer.tecnar.com\/fr\/wp-json\/wp\/v2\/types\/page"}],"author":[{"embeddable":true,"href":"https:\/\/moltenmetalanalyzer.tecnar.com\/fr\/wp-json\/wp\/v2\/users\/2"}],"replies":[{"embeddable":true,"href":"https:\/\/moltenmetalanalyzer.tecnar.com\/fr\/wp-json\/wp\/v2\/comments?post=2839"}],"version-history":[{"count":4,"href":"https:\/\/moltenmetalanalyzer.tecnar.com\/fr\/wp-json\/wp\/v2\/pages\/2839\/revisions"}],"predecessor-version":[{"id":2942,"href":"https:\/\/moltenmetalanalyzer.tecnar.com\/fr\/wp-json\/wp\/v2\/pages\/2839\/revisions\/2942"}],"up":[{"embeddable":true,"href":"https:\/\/moltenmetalanalyzer.tecnar.com\/fr\/wp-json\/wp\/v2\/pages\/2782"}],"wp:attachment":[{"href":"https:\/\/moltenmetalanalyzer.tecnar.com\/fr\/wp-json\/wp\/v2\/media?parent=2839"}],"curies":[{"name":"wp","href":"https:\/\/api.w.org\/{rel}","templated":true}]}}